{"id":22,"date":"2024-11-29T00:11:27","date_gmt":"2024-11-28T23:11:27","guid":{"rendered":"https:\/\/beta.bewege-dein-leben.jetzt\/?page_id=22"},"modified":"2025-01-23T14:00:30","modified_gmt":"2025-01-23T13:00:30","slug":"offers","status":"publish","type":"page","link":"https:\/\/www.bewege-dein-leben.jetzt\/en\/offers\/","title":{"rendered":"offers"},"content":{"rendered":"<style>.kadence-column22_88eda0-08 > .kt-inside-inner-col,.kadence-column22_88eda0-08 > .kt-inside-inner-col:before{border-top-left-radius:0px;border-top-right-radius:0px;border-bottom-right-radius:0px;border-bottom-left-radius:0px;}.kadence-column22_88eda0-08 > .kt-inside-inner-col{column-gap:var(--global-kb-gap-sm, 1rem);}.kadence-column22_88eda0-08 > .kt-inside-inner-col{flex-direction:column;}.kadence-column22_88eda0-08 > .kt-inside-inner-col > .aligncenter{width:100%;}.kadence-column22_88eda0-08 > .kt-inside-inner-col:before{opacity:0.3;}.kadence-column22_88eda0-08{position:relative;}@media all and (max-width: 1024px){.kadence-column22_88eda0-08 > .kt-inside-inner-col{flex-direction:column;justify-content:center;}}@media all and (max-width: 767px){.kadence-column22_88eda0-08 > .kt-inside-inner-col{flex-direction:column;justify-content:center;}}<\/style>\n<div class=\"wp-block-kadence-column kadence-column22_88eda0-08\"><div class=\"kt-inside-inner-col\">\n<div style=\"height:100px\" aria-hidden=\"true\" class=\"wp-block-spacer\"><\/div>\n\n\n\n<h1 class=\"wp-block-heading has-text-align-center\">Angebote<\/h1>\n\n\n<style>.wp-block-kadence-spacer.kt-block-spacer-22_3d0855-80 .kt-block-spacer{height:100px;}.wp-block-kadence-spacer.kt-block-spacer-22_3d0855-80 .kt-divider{border-top-width:1px;height:1px;border-top-color:var(--global-palette6, #718096);width:69%;border-top-style:solid;}<\/style>\n<div class=\"wp-block-kadence-spacer aligncenter kt-block-spacer-22_3d0855-80\"><div class=\"kt-block-spacer kt-block-spacer-halign-center\"><hr class=\"kt-divider\"\/><\/div><\/div>\n<\/div><\/div>\n\n\n<style>.kb-row-layout-id22_1d513c-09 > .kt-row-column-wrap{align-content:start;}:where(.kb-row-layout-id22_1d513c-09 > .kt-row-column-wrap) > .wp-block-kadence-column{justify-content:start;}.kb-row-layout-id22_1d513c-09 > .kt-row-column-wrap{column-gap:var(--global-kb-gap-md, 2rem);row-gap:var(--global-kb-gap-md, 2rem);padding-top:var(--global-kb-spacing-sm, 1.5rem);padding-bottom:var(--global-kb-spacing-lg, 3rem);}.kb-row-layout-id22_1d513c-09 > .kt-row-column-wrap > div:not(.added-for-specificity){grid-column:initial;}.kb-row-layout-id22_1d513c-09 > .kt-row-column-wrap{grid-template-columns:repeat(3, minmax(0, 1fr));}.kb-row-layout-id22_1d513c-09 > .kt-row-layout-overlay{opacity:0.30;}@media all and (max-width: 1024px){.kb-row-layout-id22_1d513c-09 > .kt-row-column-wrap > div:not(.added-for-specificity){grid-column:initial;}}@media all and (max-width: 1024px){.kb-row-layout-id22_1d513c-09 > .kt-row-column-wrap{grid-template-columns:repeat(3, minmax(0, 1fr));}}@media all and (max-width: 767px){.kb-row-layout-id22_1d513c-09 > .kt-row-column-wrap > div:not(.added-for-specificity){grid-column:initial;}.kb-row-layout-id22_1d513c-09 > .kt-row-column-wrap{grid-template-columns:minmax(0, 1fr);}}<\/style><div class=\"kb-row-layout-wrap kb-row-layout-id22_1d513c-09 alignnone wp-block-kadence-rowlayout\"><div class=\"kt-row-column-wrap kt-has-3-columns kt-row-layout-equal kt-tab-layout-inherit kt-mobile-layout-row kt-row-valign-top\">\n<style>.kadence-column22_8f2d6d-64 > .kt-inside-inner-col,.kadence-column22_8f2d6d-64 > .kt-inside-inner-col:before{border-top-left-radius:0px;border-top-right-radius:0px;border-bottom-right-radius:0px;border-bottom-left-radius:0px;}.kadence-column22_8f2d6d-64 > .kt-inside-inner-col{column-gap:var(--global-kb-gap-sm, 1rem);}.kadence-column22_8f2d6d-64 > .kt-inside-inner-col{flex-direction:column;}.kadence-column22_8f2d6d-64 > .kt-inside-inner-col > .aligncenter{width:100%;}.kadence-column22_8f2d6d-64 > .kt-inside-inner-col:before{opacity:0.3;}.kadence-column22_8f2d6d-64{position:relative;}@media all and (max-width: 1024px){.kadence-column22_8f2d6d-64 > .kt-inside-inner-col{flex-direction:column;justify-content:center;}}@media all and (max-width: 767px){.kadence-column22_8f2d6d-64 > .kt-inside-inner-col{flex-direction:column;justify-content:center;}}<\/style>\n<div class=\"wp-block-kadence-column kadence-column22_8f2d6d-64\"><div class=\"kt-inside-inner-col\"><style>.wp-block-kadence-column.kb-section-dir-horizontal > .kt-inside-inner-col > .kt-info-box22_52bd96-e1 .kt-blocks-info-box-link-wrap{max-width:unset;}.kt-info-box22_52bd96-e1 .kt-blocks-info-box-link-wrap{border-top-left-radius:5px;border-top-right-radius:5px;border-bottom-right-radius:5px;border-bottom-left-radius:5px;padding-top:var(--global-kb-spacing-xs, 1rem);padding-right:var(--global-kb-spacing-xs, 1rem);padding-bottom:var(--global-kb-spacing-xs, 1rem);padding-left:var(--global-kb-spacing-xs, 1rem);}.kt-info-box22_52bd96-e1 .kadence-info-box-icon-container .kt-info-svg-icon, .kt-info-box22_52bd96-e1 .kt-info-svg-icon-flip, .kt-info-box22_52bd96-e1 .kt-blocks-info-box-number{font-size:50px;}.kt-info-box22_52bd96-e1 .kt-blocks-info-box-media{border-top-width:0px;border-right-width:0px;border-bottom-width:0px;border-left-width:0px;padding-top:10px;padding-right:10px;padding-bottom:10px;padding-left:10px;}.kt-info-box22_52bd96-e1 .kt-blocks-info-box-media-container{margin-top:0px;margin-right:15px;margin-bottom:0px;margin-left:15px;}.kt-info-box22_52bd96-e1 .kt-blocks-info-box-learnmore{background:transparent;border-width:0px 0px 0px 0px;padding-top:4px;padding-right:8px;padding-bottom:4px;padding-left:8px;margin-top:10px;margin-right:0px;margin-bottom:10px;margin-left:0px;}<\/style>\n<div class=\"wp-block-kadence-infobox kt-info-box22_52bd96-e1\"><span class=\"kt-blocks-info-box-link-wrap info-box-link kt-blocks-info-box-media-align-top kt-info-halign-center\"><div class=\"kt-blocks-info-box-media-container\"><div class=\"kt-blocks-info-box-media kt-info-media-animate-none\"><div class=\"kadence-info-box-icon-container kt-info-icon-animate-none\"><div class=\"kadence-info-box-icon-inner-container\"><span class=\"kb-svg-icon-wrap kb-svg-icon-fa_phoenix-framework kt-info-svg-icon\"><svg viewBox=\"0 0 640 512\"  fill=\"currentColor\" xmlns=\"http:\/\/www.w3.org\/2000\/svg\"  aria-hidden=\"true\"><path d=\"M212.9 344.3c3.8-.1 22.8-1.4 25.6-2.2-2.4-2.6-43.6-1-68-49.6-4.3-8.6-7.5-17.6-6.4-27.6 2.9-25.5 32.9-30 52-18.5 36 21.6 63.3 91.3 113.7 97.5 37 4.5 84.6-17 108.2-45.4-.6-.1-.8-.2-1-.1-.4.1-.8.2-1.1.3-33.3 12.1-94.3 9.7-134.7-14.8-37.6-22.8-53.1-58.7-51.8-74.6 1.8-21.3 22.9-23.2 35.9-19.6 14.4 3.9 24.4 17.6 38.9 27.4 15.6 10.4 32.9 13.7 51.3 10.3 14.9-2.7 34.4-12.3 36.5-14.5-1.1-.1-1.8-.1-2.5-.2-6.2-.6-12.4-.8-18.5-1.7C279.8 194.5 262.1 47.4 138.5 37.9 94.2 34.5 39.1 46 2.2 72.9c-.8.6-1.5 1.2-2.2 1.8.1.2.1.3.2.5.8 0 1.6-.1 2.4-.2 6.3-1 12.5-.8 18.7.3 23.8 4.3 47.7 23.1 55.9 76.5 5.3 34.3-.7 50.8 8 86.1 19 77.1 91 107.6 127.7 106.4zM75.3 64.9c-.9-1-.9-1.2-1.3-2 12.1-2.6 24.2-4.1 36.6-4.8-1.1 14.7-22.2 21.3-35.3 6.8zm196.9 350.5c-42.8 1.2-92-26.7-123.5-61.4-4.6-5-16.8-20.2-18.6-23.4l.4-.4c6.6 4.1 25.7 18.6 54.8 27 24.2 7 48.1 6.3 71.6-3.3 22.7-9.3 41-.5 43.1 2.9-18.5 3.8-20.1 4.4-24 7.9-5.1 4.4-4.6 11.7 7 17.2 26.2 12.4 63-2.8 97.2 25.4 2.4 2 8.1 7.8 10.1 10.7-.1.2-.3.3-.4.5-4.8-1.5-16.4-7.5-40.2-9.3-24.7-2-46.3 5.3-77.5 6.2zm174.8-252c16.4-5.2 41.3-13.4 66.5-3.3 16.1 6.5 26.2 18.7 32.1 34.6 3.5 9.4 5.1 19.7 5.1 28.7-.2 0-.4 0-.6.1-.2-.4-.4-.9-.5-1.3-5-22-29.9-43.8-67.6-29.9-50.2 18.6-130.4 9.7-176.9-48-.7-.9-2.4-1.7-1.3-3.2.1-.2 2.1.6 3 1.3 18.1 13.4 38.3 21.9 60.3 26.2 30.5 6.1 54.6 2.9 79.9-5.2zm102.7 117.5c-32.4.2-33.8 50.1-103.6 64.4-18.2 3.7-38.7 4.6-44.9 4.2v-.4c2.8-1.5 14.7-2.6 29.7-16.6 7.9-7.3 15.3-15.1 22.8-22.9 19.5-20.2 41.4-42.2 81.9-39 23.1 1.8 29.3 8.2 36.1 12.7.3.2.4.5.7.9-.5 0-.7.1-.9 0-7-2.7-14.3-3.3-21.8-3.3zm-12.3-24.1c-.1.2-.1.4-.2.6-28.9-4.4-48-7.9-68.5 4-17 9.9-31.4 20.5-62 24.4-27.1 3.4-45.1 2.4-66.1-8-.3-.2-.6-.4-1-.6 0-.2.1-.3.1-.5 24.9 3.8 36.4 5.1 55.5-5.8 22.3-12.9 40.1-26.6 71.3-31 29.6-4.1 51.3 2.5 70.9 16.9zM268.6 97.3c-.6-.6-1.1-1.2-2.1-2.3 7.6 0 29.7-1.2 53.4 8.4 19.7 8 32.2 21 50.2 32.9 11.1 7.3 23.4 9.3 36.4 8.1 4.3-.4 8.5-1.2 12.8-1.7.4-.1.9 0 1.5.3-.6.4-1.2.9-1.8 1.2-8.1 4-16.7 6.3-25.6 7.1-26.1 2.6-50.3-3.7-73.4-15.4-19.3-9.9-36.4-22.9-51.4-38.6zM640 335.7c-3.5 3.1-22.7 11.6-42.7 5.3-12.3-3.9-19.5-14.9-31.6-24.1-10-7.6-20.9-7.9-28.1-8.4.6-.8.9-1.2 1.2-1.4 14.8-9.2 30.5-12.2 47.3-6.5 12.5 4.2 19.2 13.5 30.4 24.2 10.8 10.4 21 9.9 23.1 10.5.1-.1.2 0 .4.4zm-212.5 137c2.2 1.2 1.6 1.5 1.5 2-18.5-1.4-33.9-7.6-46.8-22.2-21.8-24.7-41.7-27.9-48.6-29.7.5-.2.8-.4 1.1-.4 13.1.1 26.1.7 38.9 3.9 25.3 6.4 35 25.4 41.6 35.3 3.2 4.8 7.3 8.3 12.3 11.1z\"\/><\/svg><\/span><\/div><\/div><\/div><\/div><div class=\"kt-infobox-textcontent\"><h2 class=\"kt-blocks-info-box-title\">Workshop<\/h2><p class=\"kt-blocks-info-box-text\">In unseren Workshops bieten wir eine sichere und unterst\u00fctzende Umgebung, um Menschen helfen, ihre Ziele zu erreichen und ihre Lebensqualit\u00e4t zu verbessern. Unsere Workshops sind individuell auf die Bed\u00fcrfnisse der Teilnehmer zugeschnitten und bieten eine Vielzahl von M\u00f6glichkeiten.<br><br>Unsere Workshops sind offen f\u00fcr alle, die sich auf ihre Reise begleiten lassen m\u00f6chten. Wir bieten Workshops f\u00fcr Einzelpersonen und Gruppen an, und unsere erfahrenen Coachs und Therapeuten sind immer da, um Ihnen zu helfen und zu unterst\u00fctzen.<\/p><\/div><\/span><\/div>\n<\/div><\/div>\n\n\n<style>.kadence-column22_1823c2-aa > .kt-inside-inner-col,.kadence-column22_1823c2-aa > .kt-inside-inner-col:before{border-top-left-radius:0px;border-top-right-radius:0px;border-bottom-right-radius:0px;border-bottom-left-radius:0px;}.kadence-column22_1823c2-aa > .kt-inside-inner-col{column-gap:var(--global-kb-gap-sm, 1rem);}.kadence-column22_1823c2-aa > .kt-inside-inner-col{flex-direction:column;}.kadence-column22_1823c2-aa > .kt-inside-inner-col > .aligncenter{width:100%;}.kadence-column22_1823c2-aa > .kt-inside-inner-col:before{opacity:0.3;}.kadence-column22_1823c2-aa{position:relative;}@media all and (max-width: 1024px){.kadence-column22_1823c2-aa > .kt-inside-inner-col{flex-direction:column;justify-content:center;}}@media all and (max-width: 767px){.kadence-column22_1823c2-aa > .kt-inside-inner-col{flex-direction:column;justify-content:center;}}<\/style>\n<div class=\"wp-block-kadence-column kadence-column22_1823c2-aa\"><div class=\"kt-inside-inner-col\"><style>.wp-block-kadence-column.kb-section-dir-horizontal > .kt-inside-inner-col > .kt-info-box22_86658e-51 .kt-blocks-info-box-link-wrap{max-width:unset;}.kt-info-box22_86658e-51 .kt-blocks-info-box-link-wrap{border-top-left-radius:5px;border-top-right-radius:5px;border-bottom-right-radius:5px;border-bottom-left-radius:0px;padding-top:var(--global-kb-spacing-xs, 1rem);padding-right:var(--global-kb-spacing-xs, 1rem);padding-bottom:var(--global-kb-spacing-xs, 1rem);padding-left:var(--global-kb-spacing-xs, 1rem);}.kt-info-box22_86658e-51 .kadence-info-box-icon-container .kt-info-svg-icon, .kt-info-box22_86658e-51 .kt-info-svg-icon-flip, .kt-info-box22_86658e-51 .kt-blocks-info-box-number{font-size:50px;}.kt-info-box22_86658e-51 .kt-blocks-info-box-media{border-color:var(--global-palette7, #eeeeee);border-top-width:0px;border-right-width:0px;border-bottom-width:0px;border-left-width:0px;padding-top:10px;padding-right:10px;padding-bottom:10px;padding-left:10px;}.kt-info-box22_86658e-51 .kt-blocks-info-box-media-container{margin-top:0px;margin-right:15px;margin-bottom:0px;margin-left:15px;}.kt-info-box22_86658e-51 .kt-infobox-textcontent h2.kt-blocks-info-box-title{padding-top:0px;padding-right:0px;padding-bottom:0px;padding-left:0px;margin-top:5px;margin-right:0px;margin-bottom:10px;margin-left:0px;}.kt-info-box22_86658e-51 .kt-blocks-info-box-learnmore{background:transparent;border-width:0px 0px 0px 0px;padding-top:4px;padding-right:8px;padding-bottom:4px;padding-left:8px;margin-top:10px;margin-right:0px;margin-bottom:10px;margin-left:0px;}<\/style>\n<div class=\"wp-block-kadence-infobox kt-info-box22_86658e-51\"><span class=\"kt-blocks-info-box-link-wrap info-box-link kt-blocks-info-box-media-align-top kt-info-halign-center\"><div class=\"kt-blocks-info-box-media-container\"><div class=\"kt-blocks-info-box-media kt-info-media-animate-none\"><div class=\"kadence-info-box-icon-container kt-info-icon-animate-none\"><div class=\"kadence-info-box-icon-inner-container\"><span class=\"kb-svg-icon-wrap kb-svg-icon-fa_wolf-pack-battalion kt-info-svg-icon\"><svg viewBox=\"0 0 456 512\"  fill=\"currentColor\" xmlns=\"http:\/\/www.w3.org\/2000\/svg\"  aria-hidden=\"true\"><path d=\"M239.73 471.53l10.56 15.84 5.28-12.32 5.28 7.04V512c21.06-7.92 21.11-66.86 25.51-97.21 4.62-31.89-.88-92.81 81.37-149.11-8.88-23.61-12-49.43-2.64-80.05 27.87 3.34 53.94 10.58 63.34 54.1l-30.35 8.36c11.15 23.04 17.01 46.76 13.2 72.14L384 313.18l-6.16 33.43-18.47-7.04-8.8 33.43-19.35-7.04 26.39 21.11 8.8-28.15 24.63 5.28 7.04-35.63 26.39 14.52c.25-20.02 6.97-58.06-8.8-84.45l26.39 5.28c3.99-22.07-2.38-39.21-7.92-56.74l22.43 9.68c-.44-25.07-29.94-56.79-61.58-58.5-20.22-1.09-56.74-25.17-54.1-51.9 1.96-19.87 17.45-42.62 43.11-49.7-43.99 36.51-9.68 67.3 5.28 73.46 4.4-11.44 17.54-69.08 0-130.2-40.47 22.87-89.73 65.1-93.25 147.79l-58.06 38.71-3.52 93.25 107.33-59.82 7.04 7.04-17.59 3.52-43.99 38.71-15.84-5.28-28.15 49.26-3.52 119.64 21.11 15.84-32.55 15.84-32.55-15.84 21.11-15.84-3.52-119.64-28.15-49.26-15.84 5.28-43.99-38.71-17.59-3.52 7.04-7.04 107.33 59.82-3.52-93.25-58.06-38.71C157.03 65.1 107.77 22.87 67.3 0c-17.54 61.12-4.4 118.76 0 130.2 14.96-6.16 49.26-36.95 5.28-73.46 25.66 7.08 41.15 29.83 43.11 49.7 2.63 26.74-33.88 50.81-54.1 51.9C29.94 160.06.44 191.78 0 216.85l22.43-9.68c-5.54 17.53-11.91 34.67-7.92 56.74l26.39-5.28c-15.76 26.39-9.05 64.43-8.8 84.45l26.39-14.52 7.04 35.63 24.63-5.28 8.8 28.15 26.39-21.11-19.34 7.05-8.8-33.43-18.47 7.04-6.16-33.43-27.27 7.04c-3.82-25.38 2.05-49.1 13.2-72.14l-30.35-8.36c9.4-43.52 35.47-50.77 63.34-54.1 9.36 30.62 6.24 56.45-2.64 80.05 82.25 56.3 76.75 117.23 81.37 149.11 4.4 30.35 4.45 89.29 25.51 97.21v-29.91l5.28-7.04 5.28 12.32 10.56-15.84 11.44 21.11 11.43-21.1zm79.17-95.01l-15.84-10.56c7.47-4.36 13.76-8.42 19.35-12.32-.6 7.26-.27 13.88-3.51 22.88zm28.15-49.26c-.4 10.94-.9 21.66-1.76 31.67-7.85-1.86-15.57-3.8-21.11-7.04 8.24-7.9 15.55-16.27 22.87-24.63zm24.63 5.28c-.02-13.43-2.05-24.21-5.28-33.43-5.38 9.09-11.23 18.18-18.47 27.27l23.75 6.16zm3.52-80.94c19.44 12.81 27.8 33.66 29.91 56.3-12.32-4.53-24.63-9.31-36.95-10.56 5.06-11.99 6.65-28.14 7.04-45.74zm-1.76-45.74c.81 14.3 1.84 28.82 1.76 42.23 19.22-8.11 29.78-9.72 43.99-14.08-10.6-18.95-27.22-25.52-45.75-28.15zM137.68 376.52l15.84-10.56c-7.47-4.36-13.76-8.42-19.35-12.32.6 7.26.27 13.88 3.51 22.88zm-28.15-49.26c.4 10.94.9 21.66 1.76 31.67 7.85-1.86 15.57-3.8 21.11-7.04-8.24-7.9-15.55-16.27-22.87-24.63zm-24.64 5.28c.02-13.43 2.05-24.21 5.28-33.43 5.38 9.09 11.23 18.18 18.47 27.27l-23.75 6.16zm-3.52-80.94c-19.44 12.81-27.8 33.66-29.91 56.3 12.32-4.53 24.63-9.31 36.95-10.56-5.05-11.99-6.65-28.14-7.04-45.74zm1.76-45.74c-.81 14.3-1.84 28.82-1.76 42.23-19.22-8.11-29.78-9.72-43.99-14.08 10.61-18.95 27.22-25.52 45.75-28.15z\"\/><\/svg><\/span><\/div><\/div><\/div><\/div><div class=\"kt-infobox-textcontent\"><h2 class=\"kt-blocks-info-box-title\">Ritual<\/h2><p class=\"kt-blocks-info-box-text\">In unseren Rituale bieten wir eine M\u00f6glichkeit, um die Verbindung zu sich selbst, der Natur und den anderen Menschen in unserem Leben zu st\u00e4rken. Sie bieten eine sichere und unterst\u00fctzende Umgebung, um die eigene Seele und die eigene Kraft zu entdecken und zu st\u00e4rken.<br><br>Wir bieten Rituale f\u00fcr Einzelpersonen und Gruppen an. Unsere Rituale umfassen eine Vielzahl von Themen und Inhalten, wie zum Beispiel Vollmond- und Neumondrituale, Jahreszeiten- und Natur, f\u00fcr die Selbstfindung und die Selbstentwicklung, sowie f\u00fcr Beziehungen und Kommunikation.<\/p><\/div><\/span><\/div>\n<\/div><\/div>\n\n\n<style>.kadence-column22_a5edd9-f4 > .kt-inside-inner-col,.kadence-column22_a5edd9-f4 > .kt-inside-inner-col:before{border-top-left-radius:0px;border-top-right-radius:0px;border-bottom-right-radius:0px;border-bottom-left-radius:0px;}.kadence-column22_a5edd9-f4 > .kt-inside-inner-col{column-gap:var(--global-kb-gap-sm, 1rem);}.kadence-column22_a5edd9-f4 > .kt-inside-inner-col{flex-direction:column;}.kadence-column22_a5edd9-f4 > .kt-inside-inner-col > .aligncenter{width:100%;}.kadence-column22_a5edd9-f4 > .kt-inside-inner-col:before{opacity:0.3;}.kadence-column22_a5edd9-f4{position:relative;}@media all and (max-width: 1024px){.kadence-column22_a5edd9-f4 > .kt-inside-inner-col{flex-direction:column;justify-content:center;}}@media all and (max-width: 767px){.kadence-column22_a5edd9-f4 > .kt-inside-inner-col{flex-direction:column;justify-content:center;}}<\/style>\n<div class=\"wp-block-kadence-column kadence-column22_a5edd9-f4\"><div class=\"kt-inside-inner-col\"><style>.wp-block-kadence-column.kb-section-dir-horizontal > .kt-inside-inner-col > .kt-info-box22_3afa19-e0 .kt-blocks-info-box-link-wrap{max-width:unset;}.kt-info-box22_3afa19-e0 .kt-blocks-info-box-link-wrap{border-top-left-radius:5px;border-top-right-radius:5px;border-bottom-right-radius:5px;border-bottom-left-radius:5px;padding-top:var(--global-kb-spacing-xs, 1rem);padding-right:var(--global-kb-spacing-xs, 1rem);padding-bottom:var(--global-kb-spacing-xs, 1rem);padding-left:var(--global-kb-spacing-xs, 1rem);}.kt-info-box22_3afa19-e0 .kadence-info-box-icon-container .kt-info-svg-icon, .kt-info-box22_3afa19-e0 .kt-info-svg-icon-flip, .kt-info-box22_3afa19-e0 .kt-blocks-info-box-number{font-size:50px;}.kt-info-box22_3afa19-e0 .kt-blocks-info-box-media{border-top-width:0px;border-right-width:0px;border-bottom-width:0px;border-left-width:0px;padding-top:10px;padding-right:10px;padding-bottom:10px;padding-left:10px;}.kt-info-box22_3afa19-e0 .kt-blocks-info-box-media-container{margin-top:0px;margin-right:15px;margin-bottom:0px;margin-left:15px;}.kt-info-box22_3afa19-e0 .kt-blocks-info-box-learnmore{background:transparent;border-width:0px 0px 0px 0px;padding-top:4px;padding-right:8px;padding-bottom:4px;padding-left:8px;margin-top:10px;margin-right:0px;margin-bottom:10px;margin-left:0px;}<\/style>\n<div class=\"wp-block-kadence-infobox kt-info-box22_3afa19-e0\"><span class=\"kt-blocks-info-box-link-wrap info-box-link kt-blocks-info-box-media-align-top kt-info-halign-center\"><div class=\"kt-blocks-info-box-media-container\"><div class=\"kt-blocks-info-box-media kt-info-media-animate-none\"><div class=\"kadence-info-box-icon-container kt-info-icon-animate-none\"><div class=\"kadence-info-box-icon-inner-container\"><span class=\"kb-svg-icon-wrap kb-svg-icon-fa_wpexplorer kt-info-svg-icon\"><svg viewBox=\"0 0 512 512\"  fill=\"currentColor\" xmlns=\"http:\/\/www.w3.org\/2000\/svg\"  aria-hidden=\"true\"><path d=\"M512 256c0 141.2-114.7 256-256 256C114.8 512 0 397.3 0 256S114.7 0 256 0s256 114.7 256 256zm-32 0c0-123.2-100.3-224-224-224C132.5 32 32 132.5 32 256s100.5 224 224 224 224-100.5 224-224zM160.9 124.6l86.9 37.1-37.1 86.9-86.9-37.1 37.1-86.9zm110 169.1l46.6 94h-14.6l-50-100-48.9 100h-14l51.1-106.9-22.3-9.4 6-14 68.6 29.1-6 14.3-16.5-7.1zm-11.8-116.3l68.6 29.4-29.4 68.3L230 246l29.1-68.6zm80.3 42.9l54.6 23.1-23.4 54.3-54.3-23.1 23.1-54.3z\"\/><\/svg><\/span><\/div><\/div><\/div><\/div><div class=\"kt-infobox-textcontent\"><h2 class=\"kt-blocks-info-box-title\">Selbsterfahrung<\/h2><p class=\"kt-blocks-info-box-text\">Die Selbsterfahrung ist eine M\u00f6glichkeit, um sich selbst besser zu verstehen und kennenzulernen. Wir bieten verschiedene Formen der Selbsterfahrung an, die Ihnen helfen, Ihre eigenen Bed\u00fcrfnisse, W\u00fcnsche und Tr\u00e4ume zu entdecken.<br><br>Bei uns k\u00f6nnen Sie k\u00fcnstlerische Ausdrucksformen wie Malen, Zeichnen, Schreiben oder Musik nutzen, um Ihre Emotionen und Gedanken auszudr\u00fccken. Wenn Sie sich f\u00fcr eine meditative und entspannende Erfahrung entscheiden, bieten wir Meditation- und Atem\u00fcbungen an, die Ihnen helfen, Ihre innere Balance zu finden und Ihre eigene Kraft zu st\u00e4rken.<\/p><\/div><\/span><\/div>\n<\/div><\/div>\n\n<\/div><\/div>\n\n\n<div style=\"height:100px\" aria-hidden=\"true\" class=\"wp-block-spacer\"><\/div>\n\n\n<p>[events]<\/p>\n","protected":false},"excerpt":{"rendered":"<p>Offers<\/p>","protected":false},"author":1,"featured_media":0,"parent":0,"menu_order":0,"comment_status":"closed","ping_status":"closed","template":"","meta":{"_kb_optimizer_status":0,"_kad_post_transparent":"","_kad_post_title":"","_kad_post_layout":"","_kad_post_sidebar_id":"","_kad_post_content_style":"","_kad_post_vertical_padding":"","_kad_post_feature":"","_kad_post_feature_position":"","_kad_post_header":false,"_kad_post_footer":false,"_kad_post_classname":"","footnotes":""},"class_list":["post-22","page","type-page","status-publish","hentry"],"_links":{"self":[{"href":"https:\/\/www.bewege-dein-leben.jetzt\/en\/wp-json\/wp\/v2\/pages\/22","targetHints":{"allow":["GET"]}}],"collection":[{"href":"https:\/\/www.bewege-dein-leben.jetzt\/en\/wp-json\/wp\/v2\/pages"}],"about":[{"href":"https:\/\/www.bewege-dein-leben.jetzt\/en\/wp-json\/wp\/v2\/types\/page"}],"author":[{"embeddable":true,"href":"https:\/\/www.bewege-dein-leben.jetzt\/en\/wp-json\/wp\/v2\/users\/1"}],"replies":[{"embeddable":true,"href":"https:\/\/www.bewege-dein-leben.jetzt\/en\/wp-json\/wp\/v2\/comments?post=22"}],"version-history":[{"count":8,"href":"https:\/\/www.bewege-dein-leben.jetzt\/en\/wp-json\/wp\/v2\/pages\/22\/revisions"}],"predecessor-version":[{"id":673,"href":"https:\/\/www.bewege-dein-leben.jetzt\/en\/wp-json\/wp\/v2\/pages\/22\/revisions\/673"}],"wp:attachment":[{"href":"https:\/\/www.bewege-dein-leben.jetzt\/en\/wp-json\/wp\/v2\/media?parent=22"}],"curies":[{"name":"wp","href":"https:\/\/api.w.org\/{rel}","templated":true}]}}